{"id":12165,"date":"2021-03-01T12:08:49","date_gmt":"2021-03-01T12:08:49","guid":{"rendered":"https:\/\/ufb.be\/support-us-e-shop\/"},"modified":"2021-04-02T06:58:00","modified_gmt":"2021-04-02T06:58:00","slug":"shop","status":"publish","type":"page","link":"https:\/\/ufb.be\/en\/shop\/","title":{"rendered":"Support us &#8211; E-shop"},"content":{"rendered":"\t\t<div data-elementor-type=\"wp-page\" data-elementor-id=\"12165\" class=\"elementor elementor-12165\" data-elementor-post-type=\"page\">\n\t\t\t\t\t\t<section class=\"elementor-section elementor-top-section elementor-element elementor-element-627c7a62 inner-page-menu elementor-section-boxed elementor-section-height-default elementor-section-height-default\" data-id=\"627c7a62\" data-element_type=\"section\" data-e-type=\"section\" data-settings=\"{&quot;jet_parallax_layout_list&quot;:[{&quot;jet_parallax_layout_image&quot;:{&quot;url&quot;:&quot;&quot;,&quot;id&quot;:&quot;&quot;,&quot;size&quot;:&quot;&quot;},&quot;_id&quot;:&quot;fda87ec&quot;,&quot;jet_parallax_layout_image_tablet&quot;:{&quot;url&quot;:&quot;&quot;,&quot;id&quot;:&quot;&quot;,&quot;size&quot;:&quot;&quot;},&quot;jet_parallax_layout_image_mobile&quot;:{&quot;url&quot;:&quot;&quot;,&quot;id&quot;:&quot;&quot;,&quot;size&quot;:&quot;&quot;},&quot;jet_parallax_layout_speed&quot;:{&quot;unit&quot;:&quot;%&quot;,&quot;size&quot;:50,&quot;sizes&quot;:[]},&quot;jet_parallax_layout_type&quot;:&quot;scroll&quot;,&quot;jet_parallax_layout_direction&quot;:&quot;1&quot;,&quot;jet_parallax_layout_fx_direction&quot;:null,&quot;jet_parallax_layout_z_index&quot;:&quot;&quot;,&quot;jet_parallax_layout_bg_x&quot;:50,&quot;jet_parallax_layout_bg_x_tablet&quot;:&quot;&quot;,&quot;jet_parallax_layout_bg_x_mobile&quot;:&quot;&quot;,&quot;jet_parallax_layout_bg_y&quot;:50,&quot;jet_parallax_layout_bg_y_tablet&quot;:&quot;&quot;,&quot;jet_parallax_layout_bg_y_mobile&quot;:&quot;&quot;,&quot;jet_parallax_layout_bg_size&quot;:&quot;auto&quot;,&quot;jet_parallax_layout_bg_size_tablet&quot;:&quot;&quot;,&quot;jet_parallax_layout_bg_size_mobile&quot;:&quot;&quot;,&quot;jet_parallax_layout_animation_prop&quot;:&quot;transform&quot;,&quot;jet_parallax_layout_on&quot;:[&quot;desktop&quot;,&quot;tablet&quot;]}]}\">\n\t\t\t\t\t\t<div class=\"elementor-container elementor-column-gap-default\">\n\t\t\t\t\t<div class=\"elementor-column elementor-col-100 elementor-top-column elementor-element elementor-element-7650fd6d\" data-id=\"7650fd6d\" data-element_type=\"column\" data-e-type=\"column\">\n\t\t\t<div class=\"elementor-widget-wrap elementor-element-populated\">\n\t\t\t\t\t\t<div class=\"elementor-element elementor-element-7de086e3 inner-page-menu-container elementor-widget elementor-widget-wp-widget-nav_menu\" data-id=\"7de086e3\" data-element_type=\"widget\" data-e-type=\"widget\" data-widget_type=\"wp-widget-nav_menu.default\">\n\t\t\t\t<div class=\"elementor-widget-container\">\n\t\t\t\t\t<div class=\"jupiterx-widget widget_nav_menu\"><div class=\"jupiterx-widget-content\"><div class=\"menu-supporting-us-container\"><ul id=\"menu-supporting-us\" class=\"jupiterx-widget-nav-menu-horizontal\"><li id=\"menu-item-10561\" class=\"menu-item menu-item-type-post_type menu-item-object-page menu-item-10561\"><a href=\"https:\/\/ufb.be\/en\/support-us-financial-donation\/\">Online Donation<\/a><\/li>\n<li id=\"menu-item-10560\" class=\"menu-item menu-item-type-post_type menu-item-object-page menu-item-10560\"><a href=\"https:\/\/ufb.be\/en\/support-us-volunteering\/\">Volunteering<\/a><\/li>\n<li id=\"menu-item-10583\" class=\"menu-item menu-item-type-post_type menu-item-object-page menu-item-10583\"><a href=\"https:\/\/ufb.be\/en\/support-us-why-support-ufb\/\">Supporting us<\/a><\/li>\n<li id=\"menu-item-10559\" class=\"menu-item menu-item-type-post_type menu-item-object-page menu-item-10559\"><a href=\"https:\/\/ufb.be\/en\/nous-soutenir-legacies-wills\/\">Legacies &#038; Wills<\/a><\/li>\n<li id=\"menu-item-42622\" class=\"menu-item menu-item-type-custom menu-item-object-custom menu-item-42622\"><a href=\"https:\/\/support.ufb.be\/en\/\">E-Shop<\/a><\/li>\n<li id=\"menu-item-10564\" class=\"menu-item menu-item-type-post_type menu-item-object-page menu-item-10564\"><a href=\"https:\/\/ufb.be\/en\/all-events\/\">Events<\/a><\/li>\n<\/ul><\/div><\/div><\/div>\t\t\t\t<\/div>\n\t\t\t\t<\/div>\n\t\t\t\t\t<\/div>\n\t\t<\/div>\n\t\t\t\t\t<\/div>\n\t\t<\/section>\n\t\t\t\t<section class=\"elementor-section elementor-top-section elementor-element elementor-element-4591b812 title-section without-line elementor-section-boxed elementor-section-height-default elementor-section-height-default\" data-id=\"4591b812\" data-element_type=\"section\" data-e-type=\"section\" data-settings=\"{&quot;jet_parallax_layout_list&quot;:[{&quot;jet_parallax_layout_image&quot;:{&quot;url&quot;:&quot;&quot;,&quot;id&quot;:&quot;&quot;,&quot;size&quot;:&quot;&quot;},&quot;_id&quot;:&quot;f666f42&quot;,&quot;jet_parallax_layout_image_tablet&quot;:{&quot;url&quot;:&quot;&quot;,&quot;id&quot;:&quot;&quot;,&quot;size&quot;:&quot;&quot;},&quot;jet_parallax_layout_image_mobile&quot;:{&quot;url&quot;:&quot;&quot;,&quot;id&quot;:&quot;&quot;,&quot;size&quot;:&quot;&quot;},&quot;jet_parallax_layout_speed&quot;:{&quot;unit&quot;:&quot;%&quot;,&quot;size&quot;:50,&quot;sizes&quot;:[]},&quot;jet_parallax_layout_type&quot;:&quot;scroll&quot;,&quot;jet_parallax_layout_direction&quot;:&quot;1&quot;,&quot;jet_parallax_layout_fx_direction&quot;:null,&quot;jet_parallax_layout_z_index&quot;:&quot;&quot;,&quot;jet_parallax_layout_bg_x&quot;:50,&quot;jet_parallax_layout_bg_x_tablet&quot;:&quot;&quot;,&quot;jet_parallax_layout_bg_x_mobile&quot;:&quot;&quot;,&quot;jet_parallax_layout_bg_y&quot;:50,&quot;jet_parallax_layout_bg_y_tablet&quot;:&quot;&quot;,&quot;jet_parallax_layout_bg_y_mobile&quot;:&quot;&quot;,&quot;jet_parallax_layout_bg_size&quot;:&quot;auto&quot;,&quot;jet_parallax_layout_bg_size_tablet&quot;:&quot;&quot;,&quot;jet_parallax_layout_bg_size_mobile&quot;:&quot;&quot;,&quot;jet_parallax_layout_animation_prop&quot;:&quot;transform&quot;,&quot;jet_parallax_layout_on&quot;:[&quot;desktop&quot;,&quot;tablet&quot;]}]}\">\n\t\t\t\t\t\t<div class=\"elementor-container elementor-column-gap-default\">\n\t\t\t\t\t<div class=\"elementor-column elementor-col-100 elementor-top-column elementor-element elementor-element-bef7600 title-section-column\" data-id=\"bef7600\" data-element_type=\"column\" data-e-type=\"column\">\n\t\t\t<div class=\"elementor-widget-wrap elementor-element-populated\">\n\t\t\t\t\t\t<div class=\"elementor-element elementor-element-267544bf title- elementor-widget elementor-widget-text-editor\" data-id=\"267544bf\" data-element_type=\"widget\" data-e-type=\"widget\" data-widget_type=\"text-editor.default\">\n\t\t\t\t<div class=\"elementor-widget-container\">\n\t\t\t\t\t\t\t\t\t<h1>Buy our products online<\/h1>\n\t\t\t\t\t\t\t\t<\/div>\n\t\t\t\t<\/div>\n\t\t\t\t<div class=\"elementor-element elementor-element-de0fe22 about-text-container elementor-widget elementor-widget-text-editor\" data-id=\"de0fe22\" data-element_type=\"widget\" data-e-type=\"widget\" data-widget_type=\"text-editor.default\">\n\t\t\t\t<div class=\"elementor-widget-container\">\n\t\t\t\t\t\t\t\t\t<p><strong>To support the work of United Fund for Belgium in a gentle way, buy the delicious products lovingly prepared by our generous partners.<\/strong><\/p>\n\t\t\t\t\t\t\t\t<\/div>\n\t\t\t\t<\/div>\n\t\t\t\t\t<\/div>\n\t\t<\/div>\n\t\t\t\t\t<\/div>\n\t\t<\/section>\n\t\t\t\t<section class=\"elementor-section elementor-top-section elementor-element elementor-element-33195e5 index-product-page elementor-section-boxed elementor-section-height-default elementor-section-height-default\" data-id=\"33195e5\" data-element_type=\"section\" data-e-type=\"section\" data-settings=\"{&quot;jet_parallax_layout_list&quot;:[{&quot;jet_parallax_layout_image&quot;:{&quot;url&quot;:&quot;&quot;,&quot;id&quot;:&quot;&quot;,&quot;size&quot;:&quot;&quot;},&quot;_id&quot;:&quot;83c7a7b&quot;,&quot;jet_parallax_layout_image_tablet&quot;:{&quot;url&quot;:&quot;&quot;,&quot;id&quot;:&quot;&quot;,&quot;size&quot;:&quot;&quot;},&quot;jet_parallax_layout_image_mobile&quot;:{&quot;url&quot;:&quot;&quot;,&quot;id&quot;:&quot;&quot;,&quot;size&quot;:&quot;&quot;},&quot;jet_parallax_layout_speed&quot;:{&quot;unit&quot;:&quot;%&quot;,&quot;size&quot;:50,&quot;sizes&quot;:[]},&quot;jet_parallax_layout_type&quot;:&quot;scroll&quot;,&quot;jet_parallax_layout_direction&quot;:&quot;1&quot;,&quot;jet_parallax_layout_fx_direction&quot;:null,&quot;jet_parallax_layout_z_index&quot;:&quot;&quot;,&quot;jet_parallax_layout_bg_x&quot;:50,&quot;jet_parallax_layout_bg_x_tablet&quot;:&quot;&quot;,&quot;jet_parallax_layout_bg_x_mobile&quot;:&quot;&quot;,&quot;jet_parallax_layout_bg_y&quot;:50,&quot;jet_parallax_layout_bg_y_tablet&quot;:&quot;&quot;,&quot;jet_parallax_layout_bg_y_mobile&quot;:&quot;&quot;,&quot;jet_parallax_layout_bg_size&quot;:&quot;auto&quot;,&quot;jet_parallax_layout_bg_size_tablet&quot;:&quot;&quot;,&quot;jet_parallax_layout_bg_size_mobile&quot;:&quot;&quot;,&quot;jet_parallax_layout_animation_prop&quot;:&quot;transform&quot;,&quot;jet_parallax_layout_on&quot;:[&quot;desktop&quot;,&quot;tablet&quot;]}]}\">\n\t\t\t\t\t\t<div class=\"elementor-container elementor-column-gap-default\">\n\t\t\t\t\t<div class=\"elementor-column elementor-col-100 elementor-top-column elementor-element elementor-element-68a5c1b\" data-id=\"68a5c1b\" data-element_type=\"column\" data-e-type=\"column\">\n\t\t\t<div class=\"elementor-widget-wrap\">\n\t\t\t\t\t\t\t<\/div>\n\t\t<\/div>\n\t\t\t\t\t<\/div>\n\t\t<\/section>\n\t\t\t\t<\/div>\n\t\t","protected":false},"excerpt":{"rendered":"<p>Buy our products online To support the work of United Fund for Belgium in a gentle way, buy the delicious products lovingly prepared by our generous partners. [product_categories number=&#8221;&#8221; columns=&#8221;3&#8243; hide_empty=&#8221;1&#8243; orderby=&#8221;name&#8221; order=&#8221;desc&#8221;]<\/p>\n","protected":false},"author":1,"featured_media":0,"parent":0,"menu_order":26,"comment_status":"closed","ping_status":"closed","template":"","meta":{"_acf_changed":false,"footnotes":""},"class_list":["post-12165","page","type-page","status-publish","hentry"],"acf":[],"yoast_head":"<!-- This site is optimized with the Yoast SEO plugin v27.2 - https:\/\/yoast.com\/product\/yoast-seo-wordpress\/ -->\n<title>Soutenez United Fund for Belgium en achetant nos produits en ligne | UFB<\/title>\n<meta name=\"description\" content=\"Organisation caritative ind\u00e9pendante versant 100 % des sommes r\u00e9colt\u00e9es aux b\u00e9n\u00e9ficiaires, UFB couvre ses frais gr\u00e2ce \u00e0 la vente de produits sur sa boutique en ligne.\" \/>\n<meta name=\"robots\" content=\"index, follow, max-snippet:-1, max-image-preview:large, max-video-preview:-1\" \/>\n<link rel=\"canonical\" href=\"https:\/\/ufb.be\/en\/shop\/\" \/>\n<meta property=\"og:locale\" content=\"en_US\" \/>\n<meta property=\"og:type\" content=\"article\" \/>\n<meta property=\"og:title\" content=\"Soutenez United Fund for Belgium en achetant nos produits en ligne | UFB\" \/>\n<meta property=\"og:description\" content=\"Organisation caritative ind\u00e9pendante versant 100 % des sommes r\u00e9colt\u00e9es aux b\u00e9n\u00e9ficiaires, UFB couvre ses frais gr\u00e2ce \u00e0 la vente de produits sur sa boutique en ligne.\" \/>\n<meta property=\"og:url\" content=\"https:\/\/ufb.be\/en\/shop\/\" \/>\n<meta property=\"og:site_name\" content=\"UFB\" \/>\n<meta property=\"article:modified_time\" content=\"2021-04-02T06:58:00+00:00\" \/>\n<meta property=\"og:image\" content=\"https:\/\/ufb.be\/wp-content\/uploads\/2025\/07\/Logo-UFB-RS.png\" \/>\n\t<meta property=\"og:image:width\" content=\"200\" \/>\n\t<meta property=\"og:image:height\" content=\"200\" \/>\n\t<meta property=\"og:image:type\" content=\"image\/png\" \/>\n<meta name=\"twitter:card\" content=\"summary_large_image\" \/>\n<meta name=\"twitter:title\" content=\"Soutenez United Fund for Belgium en achetant nos produits en ligne | UFB\" \/>\n<meta name=\"twitter:description\" content=\"Organisation caritative ind\u00e9pendante versant 100 % des sommes r\u00e9colt\u00e9es aux b\u00e9n\u00e9ficiaires, UFB couvre ses frais gr\u00e2ce \u00e0 la vente de produits sur sa boutique en ligne.\" \/>\n<meta name=\"twitter:label1\" content=\"Est. reading time\" \/>\n\t<meta name=\"twitter:data1\" content=\"1 minute\" \/>\n<script type=\"application\/ld+json\" class=\"yoast-schema-graph\">{\"@context\":\"https:\/\/schema.org\",\"@graph\":[{\"@type\":\"WebPage\",\"@id\":\"https:\/\/ufb.be\/en\/shop\/\",\"url\":\"https:\/\/ufb.be\/en\/shop\/\",\"name\":\"Soutenez United Fund for Belgium en achetant nos produits en ligne | UFB\",\"isPartOf\":{\"@id\":\"https:\/\/ufb.be\/en\/#website\"},\"datePublished\":\"2021-03-01T12:08:49+00:00\",\"dateModified\":\"2021-04-02T06:58:00+00:00\",\"description\":\"Organisation caritative ind\u00e9pendante versant 100 % des sommes r\u00e9colt\u00e9es aux b\u00e9n\u00e9ficiaires, UFB couvre ses frais gr\u00e2ce \u00e0 la vente de produits sur sa boutique en ligne.\",\"breadcrumb\":{\"@id\":\"https:\/\/ufb.be\/en\/shop\/#breadcrumb\"},\"inLanguage\":\"en-US\",\"potentialAction\":[{\"@type\":\"ReadAction\",\"target\":[\"https:\/\/ufb.be\/en\/shop\/\"]}]},{\"@type\":\"BreadcrumbList\",\"@id\":\"https:\/\/ufb.be\/en\/shop\/#breadcrumb\",\"itemListElement\":[{\"@type\":\"ListItem\",\"position\":1,\"name\":\"Accueil\",\"item\":\"https:\/\/ufb.be\/en\/\"},{\"@type\":\"ListItem\",\"position\":2,\"name\":\"Support us &#8211; E-shop\"}]},{\"@type\":\"WebSite\",\"@id\":\"https:\/\/ufb.be\/en\/#website\",\"url\":\"https:\/\/ufb.be\/en\/\",\"name\":\"United Fund for Belgium\",\"description\":\"Combattons l\u2019exclusion pour plus d\u2019int\u00e9gration sociale\",\"publisher\":{\"@id\":\"https:\/\/ufb.be\/en\/#organization\"},\"alternateName\":\"UFB\",\"potentialAction\":[{\"@type\":\"SearchAction\",\"target\":{\"@type\":\"EntryPoint\",\"urlTemplate\":\"https:\/\/ufb.be\/en\/?s={search_term_string}\"},\"query-input\":{\"@type\":\"PropertyValueSpecification\",\"valueRequired\":true,\"valueName\":\"search_term_string\"}}],\"inLanguage\":\"en-US\"},{\"@type\":\"Organization\",\"@id\":\"https:\/\/ufb.be\/en\/#organization\",\"name\":\"United Fund for Belgium\",\"alternateName\":\"UFB\",\"url\":\"https:\/\/ufb.be\/en\/\",\"logo\":{\"@type\":\"ImageObject\",\"inLanguage\":\"en-US\",\"@id\":\"https:\/\/ufb.be\/en\/#\/schema\/logo\/image\/\",\"url\":\"https:\/\/ufb.be\/wp-content\/uploads\/2025\/07\/Logo-UFB-RS.png\",\"contentUrl\":\"https:\/\/ufb.be\/wp-content\/uploads\/2025\/07\/Logo-UFB-RS.png\",\"width\":200,\"height\":200,\"caption\":\"United Fund for Belgium\"},\"image\":{\"@id\":\"https:\/\/ufb.be\/en\/#\/schema\/logo\/image\/\"}}]}<\/script>\n<!-- \/ Yoast SEO plugin. -->","yoast_head_json":{"title":"Soutenez United Fund for Belgium en achetant nos produits en ligne | UFB","description":"Organisation caritative ind\u00e9pendante versant 100 % des sommes r\u00e9colt\u00e9es aux b\u00e9n\u00e9ficiaires, UFB couvre ses frais gr\u00e2ce \u00e0 la vente de produits sur sa boutique en ligne.","robots":{"index":"index","follow":"follow","max-snippet":"max-snippet:-1","max-image-preview":"max-image-preview:large","max-video-preview":"max-video-preview:-1"},"canonical":"https:\/\/ufb.be\/en\/shop\/","og_locale":"en_US","og_type":"article","og_title":"Soutenez United Fund for Belgium en achetant nos produits en ligne | UFB","og_description":"Organisation caritative ind\u00e9pendante versant 100 % des sommes r\u00e9colt\u00e9es aux b\u00e9n\u00e9ficiaires, UFB couvre ses frais gr\u00e2ce \u00e0 la vente de produits sur sa boutique en ligne.","og_url":"https:\/\/ufb.be\/en\/shop\/","og_site_name":"UFB","article_modified_time":"2021-04-02T06:58:00+00:00","og_image":[{"width":200,"height":200,"url":"https:\/\/ufb.be\/wp-content\/uploads\/2025\/07\/Logo-UFB-RS.png","type":"image\/png"}],"twitter_card":"summary_large_image","twitter_title":"Soutenez United Fund for Belgium en achetant nos produits en ligne | UFB","twitter_description":"Organisation caritative ind\u00e9pendante versant 100 % des sommes r\u00e9colt\u00e9es aux b\u00e9n\u00e9ficiaires, UFB couvre ses frais gr\u00e2ce \u00e0 la vente de produits sur sa boutique en ligne.","twitter_misc":{"Est. reading time":"1 minute"},"schema":{"@context":"https:\/\/schema.org","@graph":[{"@type":"WebPage","@id":"https:\/\/ufb.be\/en\/shop\/","url":"https:\/\/ufb.be\/en\/shop\/","name":"Soutenez United Fund for Belgium en achetant nos produits en ligne | UFB","isPartOf":{"@id":"https:\/\/ufb.be\/en\/#website"},"datePublished":"2021-03-01T12:08:49+00:00","dateModified":"2021-04-02T06:58:00+00:00","description":"Organisation caritative ind\u00e9pendante versant 100 % des sommes r\u00e9colt\u00e9es aux b\u00e9n\u00e9ficiaires, UFB couvre ses frais gr\u00e2ce \u00e0 la vente de produits sur sa boutique en ligne.","breadcrumb":{"@id":"https:\/\/ufb.be\/en\/shop\/#breadcrumb"},"inLanguage":"en-US","potentialAction":[{"@type":"ReadAction","target":["https:\/\/ufb.be\/en\/shop\/"]}]},{"@type":"BreadcrumbList","@id":"https:\/\/ufb.be\/en\/shop\/#breadcrumb","itemListElement":[{"@type":"ListItem","position":1,"name":"Accueil","item":"https:\/\/ufb.be\/en\/"},{"@type":"ListItem","position":2,"name":"Support us &#8211; E-shop"}]},{"@type":"WebSite","@id":"https:\/\/ufb.be\/en\/#website","url":"https:\/\/ufb.be\/en\/","name":"United Fund for Belgium","description":"Combattons l\u2019exclusion pour plus d\u2019int\u00e9gration sociale","publisher":{"@id":"https:\/\/ufb.be\/en\/#organization"},"alternateName":"UFB","potentialAction":[{"@type":"SearchAction","target":{"@type":"EntryPoint","urlTemplate":"https:\/\/ufb.be\/en\/?s={search_term_string}"},"query-input":{"@type":"PropertyValueSpecification","valueRequired":true,"valueName":"search_term_string"}}],"inLanguage":"en-US"},{"@type":"Organization","@id":"https:\/\/ufb.be\/en\/#organization","name":"United Fund for Belgium","alternateName":"UFB","url":"https:\/\/ufb.be\/en\/","logo":{"@type":"ImageObject","inLanguage":"en-US","@id":"https:\/\/ufb.be\/en\/#\/schema\/logo\/image\/","url":"https:\/\/ufb.be\/wp-content\/uploads\/2025\/07\/Logo-UFB-RS.png","contentUrl":"https:\/\/ufb.be\/wp-content\/uploads\/2025\/07\/Logo-UFB-RS.png","width":200,"height":200,"caption":"United Fund for Belgium"},"image":{"@id":"https:\/\/ufb.be\/en\/#\/schema\/logo\/image\/"}}]}},"_links":{"self":[{"href":"https:\/\/ufb.be\/en\/wp-json\/wp\/v2\/pages\/12165","targetHints":{"allow":["GET"]}}],"collection":[{"href":"https:\/\/ufb.be\/en\/wp-json\/wp\/v2\/pages"}],"about":[{"href":"https:\/\/ufb.be\/en\/wp-json\/wp\/v2\/types\/page"}],"author":[{"embeddable":true,"href":"https:\/\/ufb.be\/en\/wp-json\/wp\/v2\/users\/1"}],"replies":[{"embeddable":true,"href":"https:\/\/ufb.be\/en\/wp-json\/wp\/v2\/comments?post=12165"}],"version-history":[{"count":0,"href":"https:\/\/ufb.be\/en\/wp-json\/wp\/v2\/pages\/12165\/revisions"}],"wp:attachment":[{"href":"https:\/\/ufb.be\/en\/wp-json\/wp\/v2\/media?parent=12165"}],"curies":[{"name":"wp","href":"https:\/\/api.w.org\/{rel}","templated":true}]}}