{"id":7644,"date":"2020-11-06T18:58:51","date_gmt":"2020-11-06T18:58:51","guid":{"rendered":"https:\/\/ufb1.wpengine.com\/begunstigden\/"},"modified":"2022-03-03T20:20:45","modified_gmt":"2022-03-03T20:20:45","slug":"begunstigden","status":"publish","type":"page","link":"https:\/\/ufb.be\/nl\/begunstigden\/","title":{"rendered":"Begunstigden"},"content":{"rendered":"\t\t<div data-elementor-type=\"wp-page\" data-elementor-id=\"7644\" class=\"elementor elementor-7644 elementor-6005\" data-elementor-post-type=\"page\">\n\t\t\t\t\t\t<section class=\"elementor-section elementor-top-section elementor-element elementor-element-63f3db9 title-section without-line elementor-section-boxed elementor-section-height-default elementor-section-height-default\" data-id=\"63f3db9\" data-element_type=\"section\" data-e-type=\"section\" data-settings=\"{&quot;jet_parallax_layout_list&quot;:[{&quot;jet_parallax_layout_image&quot;:{&quot;url&quot;:&quot;&quot;,&quot;id&quot;:&quot;&quot;,&quot;size&quot;:&quot;&quot;},&quot;_id&quot;:&quot;f666f42&quot;,&quot;jet_parallax_layout_image_tablet&quot;:{&quot;url&quot;:&quot;&quot;,&quot;id&quot;:&quot;&quot;,&quot;size&quot;:&quot;&quot;},&quot;jet_parallax_layout_image_mobile&quot;:{&quot;url&quot;:&quot;&quot;,&quot;id&quot;:&quot;&quot;,&quot;size&quot;:&quot;&quot;},&quot;jet_parallax_layout_speed&quot;:{&quot;unit&quot;:&quot;%&quot;,&quot;size&quot;:50,&quot;sizes&quot;:[]},&quot;jet_parallax_layout_type&quot;:&quot;scroll&quot;,&quot;jet_parallax_layout_direction&quot;:&quot;1&quot;,&quot;jet_parallax_layout_fx_direction&quot;:null,&quot;jet_parallax_layout_z_index&quot;:&quot;&quot;,&quot;jet_parallax_layout_bg_x&quot;:50,&quot;jet_parallax_layout_bg_x_tablet&quot;:&quot;&quot;,&quot;jet_parallax_layout_bg_x_mobile&quot;:&quot;&quot;,&quot;jet_parallax_layout_bg_y&quot;:50,&quot;jet_parallax_layout_bg_y_tablet&quot;:&quot;&quot;,&quot;jet_parallax_layout_bg_y_mobile&quot;:&quot;&quot;,&quot;jet_parallax_layout_bg_size&quot;:&quot;auto&quot;,&quot;jet_parallax_layout_bg_size_tablet&quot;:&quot;&quot;,&quot;jet_parallax_layout_bg_size_mobile&quot;:&quot;&quot;,&quot;jet_parallax_layout_animation_prop&quot;:&quot;transform&quot;,&quot;jet_parallax_layout_on&quot;:[&quot;desktop&quot;,&quot;tablet&quot;]}]}\">\n\t\t\t\t\t\t<div class=\"elementor-container elementor-column-gap-default\">\n\t\t\t\t\t<div class=\"elementor-column elementor-col-100 elementor-top-column elementor-element elementor-element-2fdcb66d title-section-column\" data-id=\"2fdcb66d\" data-element_type=\"column\" data-e-type=\"column\">\n\t\t\t<div class=\"elementor-widget-wrap elementor-element-populated\">\n\t\t\t\t\t\t<div class=\"elementor-element elementor-element-231703a9 title- elementor-widget elementor-widget-text-editor\" data-id=\"231703a9\" data-element_type=\"widget\" data-e-type=\"widget\" data-widget_type=\"text-editor.default\">\n\t\t\t\t<div class=\"elementor-widget-container\">\n\t\t\t\t\t\t\t\t\t<h1>Begunstigden van de actie UFB<\/h1>\t\t\t\t\t\t\t\t<\/div>\n\t\t\t\t<\/div>\n\t\t\t\t<div class=\"elementor-element elementor-element-2170d69 elementor-widget elementor-widget-text-editor\" data-id=\"2170d69\" data-element_type=\"widget\" data-e-type=\"widget\" data-widget_type=\"text-editor.default\">\n\t\t\t\t<div class=\"elementor-widget-container\">\n\t\t\t\t\t\t\t\t\t<strong>United Fund for Belgium helpt de meest kansarme mensen in heel Belgi\u00eb. Het doel is om de sociale integratie in Belgi\u00eb te verbeteren, door uitsluitend te investeren in materi\u00eble projecten die een directe impact hebben op de begunstigden.<\/strong>\t\t\t\t\t\t\t\t<\/div>\n\t\t\t\t<\/div>\n\t\t\t\t\t<\/div>\n\t\t<\/div>\n\t\t\t\t\t<\/div>\n\t\t<\/section>\n\t\t\t\t<\/div>\n\t\t","protected":false},"excerpt":{"rendered":"<p>Begunstigden van de actie UFB United Fund for Belgium helpt de meest kansarme mensen in heel Belgi\u00eb. Het doel is om de sociale integratie in Belgi\u00eb te verbeteren, door uitsluitend te investeren in materi\u00eble projecten die een directe impact hebben op de begunstigden.<\/p>\n","protected":false},"author":1,"featured_media":0,"parent":0,"menu_order":43,"comment_status":"closed","ping_status":"closed","template":"beneficiary.php","meta":{"_acf_changed":false,"footnotes":""},"class_list":["post-7644","page","type-page","status-publish","hentry"],"acf":[],"yoast_head":"<!-- This site is optimized with the Yoast SEO plugin v27.2 - https:\/\/yoast.com\/product\/yoast-seo-wordpress\/ -->\n<title>UFB helpt de kinderen in nood, de minder validen en de meest kansarmen | UFB<\/title>\n<meta name=\"description\" content=\"UFB helpt de kansarmen, de kinderen en de gehandicapten in Belgi\u00eb door te investeren in materi\u00eble projecten die een directe impact hebben op hun integratie.\" \/>\n<meta name=\"robots\" content=\"index, follow, max-snippet:-1, max-image-preview:large, max-video-preview:-1\" \/>\n<link rel=\"canonical\" href=\"https:\/\/ufb.be\/nl\/begunstigden\/\" \/>\n<meta property=\"og:locale\" content=\"nl_NL\" \/>\n<meta property=\"og:type\" content=\"article\" \/>\n<meta property=\"og:title\" content=\"UFB helpt de kinderen in nood, de minder validen en de meest kansarmen | UFB\" \/>\n<meta property=\"og:description\" content=\"UFB helpt de kansarmen, de kinderen en de gehandicapten in Belgi\u00eb door te investeren in materi\u00eble projecten die een directe impact hebben op hun integratie.\" \/>\n<meta property=\"og:url\" content=\"https:\/\/ufb.be\/nl\/begunstigden\/\" \/>\n<meta property=\"og:site_name\" content=\"UFB\" \/>\n<meta property=\"article:modified_time\" content=\"2022-03-03T20:20:45+00:00\" \/>\n<meta property=\"og:image\" content=\"https:\/\/ufb.be\/wp-content\/uploads\/2025\/07\/Logo-UFB-RS.png\" \/>\n\t<meta property=\"og:image:width\" content=\"200\" \/>\n\t<meta property=\"og:image:height\" content=\"200\" \/>\n\t<meta property=\"og:image:type\" content=\"image\/png\" \/>\n<meta name=\"twitter:card\" content=\"summary_large_image\" \/>\n<meta name=\"twitter:title\" content=\"UFB helpt de kinderen in nood, de minder validen en de meest kansarmen | UFB\" \/>\n<meta name=\"twitter:description\" content=\"UFB helpt de kansarmen, de kinderen en de gehandicapten in Belgi\u00eb door te investeren in materi\u00eble projecten die een directe impact hebben op hun integratie.\" \/>\n<meta name=\"twitter:label1\" content=\"Geschatte leestijd\" \/>\n\t<meta name=\"twitter:data1\" content=\"1 minute\" \/>\n<script type=\"application\/ld+json\" class=\"yoast-schema-graph\">{\"@context\":\"https:\/\/schema.org\",\"@graph\":[{\"@type\":\"WebPage\",\"@id\":\"https:\/\/ufb.be\/nl\/begunstigden\/\",\"url\":\"https:\/\/ufb.be\/nl\/begunstigden\/\",\"name\":\"UFB helpt de kinderen in nood, de minder validen en de meest kansarmen | UFB\",\"isPartOf\":{\"@id\":\"https:\/\/ufb.be\/nl\/#website\"},\"datePublished\":\"2020-11-06T18:58:51+00:00\",\"dateModified\":\"2022-03-03T20:20:45+00:00\",\"description\":\"UFB helpt de kansarmen, de kinderen en de gehandicapten in Belgi\u00eb door te investeren in materi\u00eble projecten die een directe impact hebben op hun integratie.\",\"breadcrumb\":{\"@id\":\"https:\/\/ufb.be\/nl\/begunstigden\/#breadcrumb\"},\"inLanguage\":\"nl-NL\",\"potentialAction\":[{\"@type\":\"ReadAction\",\"target\":[\"https:\/\/ufb.be\/nl\/begunstigden\/\"]}]},{\"@type\":\"BreadcrumbList\",\"@id\":\"https:\/\/ufb.be\/nl\/begunstigden\/#breadcrumb\",\"itemListElement\":[{\"@type\":\"ListItem\",\"position\":1,\"name\":\"Accueil\",\"item\":\"https:\/\/ufb.be\/nl\/homepage-2025\/\"},{\"@type\":\"ListItem\",\"position\":2,\"name\":\"Begunstigden\"}]},{\"@type\":\"WebSite\",\"@id\":\"https:\/\/ufb.be\/nl\/#website\",\"url\":\"https:\/\/ufb.be\/nl\/\",\"name\":\"United Fund for Belgium\",\"description\":\"Combattons l\u2019exclusion pour plus d\u2019int\u00e9gration sociale\",\"publisher\":{\"@id\":\"https:\/\/ufb.be\/nl\/#organization\"},\"alternateName\":\"UFB\",\"potentialAction\":[{\"@type\":\"SearchAction\",\"target\":{\"@type\":\"EntryPoint\",\"urlTemplate\":\"https:\/\/ufb.be\/nl\/?s={search_term_string}\"},\"query-input\":{\"@type\":\"PropertyValueSpecification\",\"valueRequired\":true,\"valueName\":\"search_term_string\"}}],\"inLanguage\":\"nl-NL\"},{\"@type\":\"Organization\",\"@id\":\"https:\/\/ufb.be\/nl\/#organization\",\"name\":\"United Fund for Belgium\",\"alternateName\":\"UFB\",\"url\":\"https:\/\/ufb.be\/nl\/\",\"logo\":{\"@type\":\"ImageObject\",\"inLanguage\":\"nl-NL\",\"@id\":\"https:\/\/ufb.be\/nl\/#\/schema\/logo\/image\/\",\"url\":\"https:\/\/ufb.be\/wp-content\/uploads\/2025\/07\/Logo-UFB-RS.png\",\"contentUrl\":\"https:\/\/ufb.be\/wp-content\/uploads\/2025\/07\/Logo-UFB-RS.png\",\"width\":200,\"height\":200,\"caption\":\"United Fund for Belgium\"},\"image\":{\"@id\":\"https:\/\/ufb.be\/nl\/#\/schema\/logo\/image\/\"}}]}<\/script>\n<!-- \/ Yoast SEO plugin. -->","yoast_head_json":{"title":"UFB helpt de kinderen in nood, de minder validen en de meest kansarmen | UFB","description":"UFB helpt de kansarmen, de kinderen en de gehandicapten in Belgi\u00eb door te investeren in materi\u00eble projecten die een directe impact hebben op hun integratie.","robots":{"index":"index","follow":"follow","max-snippet":"max-snippet:-1","max-image-preview":"max-image-preview:large","max-video-preview":"max-video-preview:-1"},"canonical":"https:\/\/ufb.be\/nl\/begunstigden\/","og_locale":"nl_NL","og_type":"article","og_title":"UFB helpt de kinderen in nood, de minder validen en de meest kansarmen | UFB","og_description":"UFB helpt de kansarmen, de kinderen en de gehandicapten in Belgi\u00eb door te investeren in materi\u00eble projecten die een directe impact hebben op hun integratie.","og_url":"https:\/\/ufb.be\/nl\/begunstigden\/","og_site_name":"UFB","article_modified_time":"2022-03-03T20:20:45+00:00","og_image":[{"width":200,"height":200,"url":"https:\/\/ufb.be\/wp-content\/uploads\/2025\/07\/Logo-UFB-RS.png","type":"image\/png"}],"twitter_card":"summary_large_image","twitter_title":"UFB helpt de kinderen in nood, de minder validen en de meest kansarmen | UFB","twitter_description":"UFB helpt de kansarmen, de kinderen en de gehandicapten in Belgi\u00eb door te investeren in materi\u00eble projecten die een directe impact hebben op hun integratie.","twitter_misc":{"Geschatte leestijd":"1 minute"},"schema":{"@context":"https:\/\/schema.org","@graph":[{"@type":"WebPage","@id":"https:\/\/ufb.be\/nl\/begunstigden\/","url":"https:\/\/ufb.be\/nl\/begunstigden\/","name":"UFB helpt de kinderen in nood, de minder validen en de meest kansarmen | UFB","isPartOf":{"@id":"https:\/\/ufb.be\/nl\/#website"},"datePublished":"2020-11-06T18:58:51+00:00","dateModified":"2022-03-03T20:20:45+00:00","description":"UFB helpt de kansarmen, de kinderen en de gehandicapten in Belgi\u00eb door te investeren in materi\u00eble projecten die een directe impact hebben op hun integratie.","breadcrumb":{"@id":"https:\/\/ufb.be\/nl\/begunstigden\/#breadcrumb"},"inLanguage":"nl-NL","potentialAction":[{"@type":"ReadAction","target":["https:\/\/ufb.be\/nl\/begunstigden\/"]}]},{"@type":"BreadcrumbList","@id":"https:\/\/ufb.be\/nl\/begunstigden\/#breadcrumb","itemListElement":[{"@type":"ListItem","position":1,"name":"Accueil","item":"https:\/\/ufb.be\/nl\/homepage-2025\/"},{"@type":"ListItem","position":2,"name":"Begunstigden"}]},{"@type":"WebSite","@id":"https:\/\/ufb.be\/nl\/#website","url":"https:\/\/ufb.be\/nl\/","name":"United Fund for Belgium","description":"Combattons l\u2019exclusion pour plus d\u2019int\u00e9gration sociale","publisher":{"@id":"https:\/\/ufb.be\/nl\/#organization"},"alternateName":"UFB","potentialAction":[{"@type":"SearchAction","target":{"@type":"EntryPoint","urlTemplate":"https:\/\/ufb.be\/nl\/?s={search_term_string}"},"query-input":{"@type":"PropertyValueSpecification","valueRequired":true,"valueName":"search_term_string"}}],"inLanguage":"nl-NL"},{"@type":"Organization","@id":"https:\/\/ufb.be\/nl\/#organization","name":"United Fund for Belgium","alternateName":"UFB","url":"https:\/\/ufb.be\/nl\/","logo":{"@type":"ImageObject","inLanguage":"nl-NL","@id":"https:\/\/ufb.be\/nl\/#\/schema\/logo\/image\/","url":"https:\/\/ufb.be\/wp-content\/uploads\/2025\/07\/Logo-UFB-RS.png","contentUrl":"https:\/\/ufb.be\/wp-content\/uploads\/2025\/07\/Logo-UFB-RS.png","width":200,"height":200,"caption":"United Fund for Belgium"},"image":{"@id":"https:\/\/ufb.be\/nl\/#\/schema\/logo\/image\/"}}]}},"_links":{"self":[{"href":"https:\/\/ufb.be\/nl\/wp-json\/wp\/v2\/pages\/7644","targetHints":{"allow":["GET"]}}],"collection":[{"href":"https:\/\/ufb.be\/nl\/wp-json\/wp\/v2\/pages"}],"about":[{"href":"https:\/\/ufb.be\/nl\/wp-json\/wp\/v2\/types\/page"}],"author":[{"embeddable":true,"href":"https:\/\/ufb.be\/nl\/wp-json\/wp\/v2\/users\/1"}],"replies":[{"embeddable":true,"href":"https:\/\/ufb.be\/nl\/wp-json\/wp\/v2\/comments?post=7644"}],"version-history":[{"count":0,"href":"https:\/\/ufb.be\/nl\/wp-json\/wp\/v2\/pages\/7644\/revisions"}],"wp:attachment":[{"href":"https:\/\/ufb.be\/nl\/wp-json\/wp\/v2\/media?parent=7644"}],"curies":[{"name":"wp","href":"https:\/\/api.w.org\/{rel}","templated":true}]}}